{"id":651,"date":"2022-09-20T14:07:39","date_gmt":"2022-09-20T19:07:39","guid":{"rendered":"https:\/\/jungoconnect.com\/?page_id=651"},"modified":"2025-10-27T12:12:59","modified_gmt":"2025-10-27T18:12:59","slug":"contacto","status":"publish","type":"page","link":"https:\/\/jungoconnect.com\/en\/contacto\/","title":{"rendered":"Contact"},"content":{"rendered":"<div data-elementor-type=\"wp-page\" data-elementor-id=\"651\" class=\"elementor elementor-651\" data-elementor-post-type=\"page\">\n\t\t\t\t\t\t<section class=\"elementor-section elementor-top-section elementor-element elementor-element-41a1785 elementor-section-boxed elementor-section-height-default elementor-section-height-default qodef-elementor-content-no\" data-id=\"41a1785\" data-element_type=\"section\">\n\t\t\t\t\t\t<div class=\"elementor-container elementor-column-gap-default\">\n\t\t\t\t\t<div class=\"elementor-column elementor-col-50 elementor-top-column elementor-element elementor-element-295579e\" data-id=\"295579e\" data-element_type=\"column\">\n\t\t\t<div class=\"elementor-widget-wrap elementor-element-populated\">\n\t\t\t\t\t\t<div class=\"elementor-element elementor-element-0d46621 elementor-widget elementor-widget-heading\" data-id=\"0d46621\" data-element_type=\"widget\" data-widget_type=\"heading.default\">\n\t\t\t\t<div class=\"elementor-widget-container\">\n\t\t\t\t\t<h2 class=\"elementor-heading-title elementor-size-default\">contact us<\/h2>\t\t\t\t<\/div>\n\t\t\t\t<\/div>\n\t\t\t\t<div class=\"elementor-element elementor-element-e154585 elementor-widget elementor-widget-text-editor\" data-id=\"e154585\" data-element_type=\"widget\" data-widget_type=\"text-editor.default\">\n\t\t\t\t<div class=\"elementor-widget-container\">\n\t\t\t\t\t\t\t\t\t<p>Contact us via chat, e-mail, by phone or through this form, we will provide you with the support you need.<\/p>\t\t\t\t\t\t\t\t<\/div>\n\t\t\t\t<\/div>\n\t\t\t\t<section class=\"elementor-section elementor-inner-section elementor-element elementor-element-4c35745 elementor-section-boxed elementor-section-height-default elementor-section-height-default qodef-elementor-content-no\" data-id=\"4c35745\" data-element_type=\"section\" data-settings=\"{&quot;background_background&quot;:&quot;classic&quot;}\">\n\t\t\t\t\t\t\t<div class=\"elementor-background-overlay\"><\/div>\n\t\t\t\t\t\t\t<div class=\"elementor-container elementor-column-gap-default\">\n\t\t\t\t\t<div class=\"elementor-column elementor-col-100 elementor-inner-column elementor-element elementor-element-7194e22\" data-id=\"7194e22\" data-element_type=\"column\">\n\t\t\t<div class=\"elementor-widget-wrap elementor-element-populated\">\n\t\t\t\t\t\t<div class=\"elementor-element elementor-element-c7d0b78 elementor-widget elementor-widget-qi_addons_for_elementor_icon_with_text\" data-id=\"c7d0b78\" data-element_type=\"widget\" data-widget_type=\"qi_addons_for_elementor_icon_with_text.default\">\n\t\t\t\t<div class=\"elementor-widget-container\">\n\t\t\t\t\t<div class=\"qodef-shortcode qodef-m  qodef-qi-icon-with-text qodef-layout--before-content    qodef--icon-pack qodef-column-responsive--never\" >\n\t\t\t<div class=\"qodef-m-icon-wrapper\">\n\t\t\t\t<a itemprop=\"url\" href=\"#\" target=\"_self\">\n\t<div class=\"qodef-m-icon-holder\">\n\t\t<i aria-hidden=\"true\" class=\"fas fa-at\"><\/i>\t<\/div>\n\t<\/a>\n\t\t<\/div>\n\t\t<div class=\"qodef-m-content\">\n\t\t\t<p class=\"qodef-m-title\">\n\t\t\t\t\t<a itemprop=\"url\" href=\"#\" target=\"_self\">\n\t\t\t\t\t<span class=\"qodef-m-title-text\">hello@jungoconnect.com<\/span>\n\t\t\t\t\t<\/a>\n\t\t\t<\/p>\n\t\t\t\t\t\t\t<\/div>\n<\/div>\n\t\t\t\t<\/div>\n\t\t\t\t<\/div>\n\t\t\t\t<div class=\"elementor-element elementor-element-997ee14 elementor-widget elementor-widget-qi_addons_for_elementor_icon_with_text\" data-id=\"997ee14\" data-element_type=\"widget\" data-widget_type=\"qi_addons_for_elementor_icon_with_text.default\">\n\t\t\t\t<div class=\"elementor-widget-container\">\n\t\t\t\t\t<div class=\"qodef-shortcode qodef-m  qodef-qi-icon-with-text qodef-layout--before-content    qodef--icon-pack qodef-column-responsive--never\" >\n\t\t\t<div class=\"qodef-m-icon-wrapper\">\n\t\t\t\t<a itemprop=\"url\" href=\"#\" target=\"_self\">\n\t<div class=\"qodef-m-icon-holder\">\n\t\t<i aria-hidden=\"true\" class=\"fas fa-phone-alt\"><\/i>\t<\/div>\n\t<\/a>\n\t\t<\/div>\n\t\t<div class=\"qodef-m-content\">\n\t\t\t<p class=\"qodef-m-title\">\n\t\t\t\t\t<a itemprop=\"url\" href=\"#\" target=\"_self\">\n\t\t\t\t\t<span class=\"qodef-m-title-text\">MX: 811502 6590<\/span>\n\t\t\t\t\t<\/a>\n\t\t\t<\/p>\n\t\t\t\t\t\t\t<\/div>\n<\/div>\n\t\t\t\t<\/div>\n\t\t\t\t<\/div>\n\t\t\t\t<div class=\"elementor-element elementor-element-05445fd elementor-widget elementor-widget-qi_addons_for_elementor_icon_with_text\" data-id=\"05445fd\" data-element_type=\"widget\" data-widget_type=\"qi_addons_for_elementor_icon_with_text.default\">\n\t\t\t\t<div class=\"elementor-widget-container\">\n\t\t\t\t\t<div class=\"qodef-shortcode qodef-m  qodef-qi-icon-with-text qodef-layout--before-content    qodef--icon-pack qodef-column-responsive--never\" >\n\t\t\t<div class=\"qodef-m-icon-wrapper\">\n\t\t\t\t<a itemprop=\"url\" href=\"#\" target=\"_self\">\n\t<div class=\"qodef-m-icon-holder\">\n\t\t<i aria-hidden=\"true\" class=\"fab fa-whatsapp\"><\/i>\t<\/div>\n\t<\/a>\n\t\t<\/div>\n\t\t<div class=\"qodef-m-content\">\n\t\t\t<p class=\"qodef-m-title\">\n\t\t\t\t\t<a itemprop=\"url\" href=\"#\" target=\"_self\">\n\t\t\t\t\t<span class=\"qodef-m-title-text\">+52 1 81 1502 6590<\/span>\n\t\t\t\t\t<\/a>\n\t\t\t<\/p>\n\t\t\t\t\t\t\t<\/div>\n<\/div>\n\t\t\t\t<\/div>\n\t\t\t\t<\/div>\n\t\t\t\t\t<\/div>\n\t\t<\/div>\n\t\t\t\t\t<\/div>\n\t\t<\/section>\n\t\t\t\t\t<\/div>\n\t\t<\/div>\n\t\t\t\t<div class=\"elementor-column elementor-col-50 elementor-top-column elementor-element elementor-element-fd9bea5\" data-id=\"fd9bea5\" data-element_type=\"column\">\n\t\t\t<div class=\"elementor-widget-wrap elementor-element-populated\">\n\t\t\t\t\t\t<div class=\"elementor-element elementor-element-ff127c9 elementor-widget elementor-widget-qi_addons_for_elementor_contact_form_7\" data-id=\"ff127c9\" data-element_type=\"widget\" data-widget_type=\"qi_addons_for_elementor_contact_form_7.default\">\n\t\t\t\t<div class=\"elementor-widget-container\">\n\t\t\t\t\t<div class=\"qodef-shortcode qodef-m  qodef-qi-contact-form-7\">\n\t\n<div class=\"wpcf7 no-js\" id=\"wpcf7-f671-o1\" lang=\"es-MX\" dir=\"ltr\">\n<div class=\"screen-reader-response\"><p role=\"status\" aria-live=\"polite\" aria-atomic=\"true\"><\/p> <ul><\/ul><\/div>\n<form action=\"\/en\/wp-json\/wp\/v2\/pages\/651#wpcf7-f671-o1\" method=\"post\" class=\"wpcf7-form init\" aria-label=\"Formulario de contacto\" novalidate=\"novalidate\" data-status=\"init\" data-trp-original-action=\"\/en\/wp-json\/wp\/v2\/pages\/651#wpcf7-f671-o1\">\n<div style=\"display: none;\">\n<input type=\"hidden\" name=\"_wpcf7\" value=\"671\" \/>\n<input type=\"hidden\" name=\"_wpcf7_version\" value=\"5.7.6\" \/>\n<input type=\"hidden\" name=\"_wpcf7_locale\" value=\"es_MX\" \/>\n<input type=\"hidden\" name=\"_wpcf7_unit_tag\" value=\"wpcf7-f671-o1\" \/>\n<input type=\"hidden\" name=\"_wpcf7_container_post\" value=\"0\" \/>\n<input type=\"hidden\" name=\"_wpcf7_posted_data_hash\" value=\"\" \/>\n<\/div>\n<label> Your name *\n    <span class=\"wpcf7-form-control-wrap\" data-name=\"your-name\"><input size=\"40\" class=\"wpcf7-form-control wpcf7-text wpcf7-validates-as-required\" aria-required=\"true\" aria-invalid=\"false\" value=\"\" type=\"text\" name=\"your-name\" \/><\/span> <\/label>\n\n<label> your e-mail\n    <span class=\"wpcf7-form-control-wrap\" data-name=\"your-email\"><input size=\"40\" class=\"wpcf7-form-control wpcf7-text wpcf7-email wpcf7-validates-as-required wpcf7-validates-as-email\" aria-required=\"true\" aria-invalid=\"false\" value=\"\" type=\"email\" name=\"your-email\" \/><\/span> <\/label>\n\n<label> Phone *\n    <span class=\"wpcf7-form-control-wrap\" data-name=\"tel-851\"><input size=\"40\" class=\"wpcf7-form-control wpcf7-text wpcf7-tel wpcf7-validates-as-required wpcf7-validates-as-tel\" aria-required=\"true\" aria-invalid=\"false\" value=\"\" type=\"tel\" name=\"tel-851\" \/><\/span> <\/label>\n\n<label> Company *\n    <span class=\"wpcf7-form-control-wrap\" data-name=\"compania\"><input size=\"40\" class=\"wpcf7-form-control wpcf7-text wpcf7-validates-as-required\" aria-required=\"true\" aria-invalid=\"false\" value=\"\" type=\"text\" name=\"compania\" \/><\/span> <\/label>\n\n<label> Your message (optional)\n    <span class=\"wpcf7-form-control-wrap\" data-name=\"your-message\"><textarea cols=\"40\" rows=\"10\" class=\"wpcf7-form-control wpcf7-textarea\" aria-invalid=\"false\" name=\"your-message\"><\/textarea><\/span> <\/label>\n\n<button class=\"wpcf7-form-control wpcf7-submit qodef-button qodef-size--normal qodef-type--filled qodef-m\" type=\"submit\"><span class=\"qodef-m-text\">Send<\/span><\/button><p style=\"display: none !important;\"><label>&#916;<textarea name=\"_wpcf7_ak_hp_textarea\" cols=\"45\" rows=\"8\" maxlength=\"100\"><\/textarea><\/label><input type=\"hidden\" id=\"ak_js_1\" name=\"_wpcf7_ak_js\" value=\"189\"\/><script>document.getElementById( \"ak_js_1\" ).setAttribute( \"value\", ( new Date() ).getTime() );<\/script><\/p><div class=\"wpcf7-response-output\" aria-hidden=\"true\"><\/div>\n<input type=\"hidden\" name=\"trp-form-language\" value=\"en\"\/><\/form>\n<\/div>\n<\/div>\n\t\t\t\t<\/div>\n\t\t\t\t<\/div>\n\t\t\t\t\t<\/div>\n\t\t<\/div>\n\t\t\t\t\t<\/div>\n\t\t<\/section>\n\t\t\t\t<\/div>","protected":false},"excerpt":{"rendered":"<p>Cont\u00e1ctanos Cont\u00e1ctenos a trav\u00e9s de chat, e-mail, v\u00eda telef\u00f3nica o por medio de este formulario, te brindaremos el apoyo que necesitas. hello@jungoconnect.com MX: 811502 6590 +52 1 81 1502 6590 Tu nombre * Tu correo electr\u00f3nico Tel\u00e9fono * Compa\u00f1\u00eda * Tu mensaje (opcional) Enviar &#916;<\/p>","protected":false},"author":2,"featured_media":23,"parent":0,"menu_order":0,"comment_status":"closed","ping_status":"closed","template":"","meta":{"footnotes":""},"class_list":["post-651","page","type-page","status-publish","has-post-thumbnail","hentry"],"yoast_head":"<!-- This site is optimized with the Yoast SEO plugin v20.8 - https:\/\/yoast.com\/wordpress\/plugins\/seo\/ -->\n<title>Contacto - Jungo Connect<\/title>\n<meta name=\"description\" content=\"Cont\u00e1ctenos a trav\u00e9s de chat, e-mail, v\u00eda telef\u00f3nica o por medio de este formulario, te brindaremos el apoyo que necesitas.\" \/>\n<meta name=\"robots\" content=\"index, follow, max-snippet:-1, max-image-preview:large, max-video-preview:-1\" \/>\n<link rel=\"canonical\" href=\"https:\/\/jungoconnect.com\/en\/contacto\/\" \/>\n<meta property=\"og:locale\" content=\"en_US\" \/>\n<meta property=\"og:type\" content=\"article\" \/>\n<meta property=\"og:title\" content=\"Contacto Jungo Connect\" \/>\n<meta property=\"og:description\" content=\"Cont\u00e1ctenos a trav\u00e9s de chat, e-mail, v\u00eda telef\u00f3nica o por medio de este formulario, te brindaremos el apoyo que necesitas.\" \/>\n<meta property=\"og:url\" content=\"https:\/\/jungoconnect.com\/en\/contacto\/\" \/>\n<meta property=\"og:site_name\" content=\"Jungo Connect\" \/>\n<meta property=\"article:publisher\" content=\"https:\/\/www.facebook.com\/jungoconnect\" \/>\n<meta property=\"article:modified_time\" content=\"2025-10-27T18:12:59+00:00\" \/>\n<meta property=\"og:image\" content=\"https:\/\/jungoconnect.com\/wp-content\/uploads\/2022\/09\/isotipo-jungo-connect.png\" \/>\n\t<meta property=\"og:image:width\" content=\"52\" \/>\n\t<meta property=\"og:image:height\" content=\"121\" \/>\n\t<meta property=\"og:image:type\" content=\"image\/png\" \/>\n<meta name=\"twitter:card\" content=\"summary_large_image\" \/>\n<meta name=\"twitter:title\" content=\"Contacto Jungo Connect\" \/>\n<meta name=\"twitter:description\" content=\"Cont\u00e1ctenos a trav\u00e9s de chat, e-mail, v\u00eda telef\u00f3nica o por medio de este formulario, te brindaremos el apoyo que necesitas.\" \/>\n<meta name=\"twitter:image\" content=\"https:\/\/jungoconnect.com\/wp-content\/uploads\/2022\/09\/isotipo-jungo-connect.png\" \/>\n<meta name=\"twitter:label1\" content=\"Est. reading time\" \/>\n\t<meta name=\"twitter:data1\" content=\"1 minute\" \/>\n<script type=\"application\/ld+json\" class=\"yoast-schema-graph\">{\"@context\":\"https:\/\/schema.org\",\"@graph\":[{\"@type\":\"WebPage\",\"@id\":\"https:\/\/jungoconnect.com\/contacto\/\",\"url\":\"https:\/\/jungoconnect.com\/contacto\/\",\"name\":\"Contacto - Jungo Connect\",\"isPartOf\":{\"@id\":\"https:\/\/jungoconnect.com\/#website\"},\"datePublished\":\"2022-09-20T19:07:39+00:00\",\"dateModified\":\"2025-10-27T18:12:59+00:00\",\"description\":\"Cont\u00e1ctenos a trav\u00e9s de chat, e-mail, v\u00eda telef\u00f3nica o por medio de este formulario, te brindaremos el apoyo que necesitas.\",\"breadcrumb\":{\"@id\":\"https:\/\/jungoconnect.com\/contacto\/#breadcrumb\"},\"inLanguage\":\"en-US\",\"potentialAction\":[{\"@type\":\"ReadAction\",\"target\":[\"https:\/\/jungoconnect.com\/contacto\/\"]}]},{\"@type\":\"BreadcrumbList\",\"@id\":\"https:\/\/jungoconnect.com\/contacto\/#breadcrumb\",\"itemListElement\":[{\"@type\":\"ListItem\",\"position\":1,\"name\":\"Inicio\",\"item\":\"https:\/\/jungoconnect.com\/\"},{\"@type\":\"ListItem\",\"position\":2,\"name\":\"Contacto\"}]},{\"@type\":\"WebSite\",\"@id\":\"https:\/\/jungoconnect.com\/#website\",\"url\":\"https:\/\/jungoconnect.com\/\",\"name\":\"Jungo Connect\",\"description\":\"Controla, monitorea y automatiza\",\"publisher\":{\"@id\":\"https:\/\/jungoconnect.com\/#organization\"},\"potentialAction\":[{\"@type\":\"SearchAction\",\"target\":{\"@type\":\"EntryPoint\",\"urlTemplate\":\"https:\/\/jungoconnect.com\/?s={search_term_string}\"},\"query-input\":\"required name=search_term_string\"}],\"inLanguage\":\"en-US\"},{\"@type\":\"Organization\",\"@id\":\"https:\/\/jungoconnect.com\/#organization\",\"name\":\"Jungo Connect\",\"url\":\"https:\/\/jungoconnect.com\/\",\"logo\":{\"@type\":\"ImageObject\",\"inLanguage\":\"en-US\",\"@id\":\"https:\/\/jungoconnect.com\/#\/schema\/logo\/image\/\",\"url\":\"https:\/\/jungoconnect.com\/wp-content\/uploads\/2022\/09\/logo-jungo-connect.png\",\"contentUrl\":\"https:\/\/jungoconnect.com\/wp-content\/uploads\/2022\/09\/logo-jungo-connect.png\",\"width\":465,\"height\":136,\"caption\":\"Jungo Connect\"},\"image\":{\"@id\":\"https:\/\/jungoconnect.com\/#\/schema\/logo\/image\/\"},\"sameAs\":[\"https:\/\/www.facebook.com\/jungoconnect\",\"https:\/\/www.instagram.com\/jungoconnect\",\"https:\/\/www.linkedin.com\/showcase\/jungoconnect\/\"]}]}<\/script>\n<!-- \/ Yoast SEO plugin. -->","yoast_head_json":{"title":"Contacto - Jungo Connect","description":"Cont\u00e1ctenos a trav\u00e9s de chat, e-mail, v\u00eda telef\u00f3nica o por medio de este formulario, te brindaremos el apoyo que necesitas.","robots":{"index":"index","follow":"follow","max-snippet":"max-snippet:-1","max-image-preview":"max-image-preview:large","max-video-preview":"max-video-preview:-1"},"canonical":"https:\/\/jungoconnect.com\/en\/contacto\/","og_locale":"en_US","og_type":"article","og_title":"Contacto Jungo Connect","og_description":"Cont\u00e1ctenos a trav\u00e9s de chat, e-mail, v\u00eda telef\u00f3nica o por medio de este formulario, te brindaremos el apoyo que necesitas.","og_url":"https:\/\/jungoconnect.com\/en\/contacto\/","og_site_name":"Jungo Connect","article_publisher":"https:\/\/www.facebook.com\/jungoconnect","article_modified_time":"2025-10-27T18:12:59+00:00","og_image":[{"width":52,"height":121,"url":"https:\/\/jungoconnect.com\/wp-content\/uploads\/2022\/09\/isotipo-jungo-connect.png","type":"image\/png"}],"twitter_card":"summary_large_image","twitter_title":"Contacto Jungo Connect","twitter_description":"Cont\u00e1ctenos a trav\u00e9s de chat, e-mail, v\u00eda telef\u00f3nica o por medio de este formulario, te brindaremos el apoyo que necesitas.","twitter_image":"https:\/\/jungoconnect.com\/wp-content\/uploads\/2022\/09\/isotipo-jungo-connect.png","twitter_misc":{"Est. reading time":"1 minute"},"schema":{"@context":"https:\/\/schema.org","@graph":[{"@type":"WebPage","@id":"https:\/\/jungoconnect.com\/contacto\/","url":"https:\/\/jungoconnect.com\/contacto\/","name":"Contacto - Jungo Connect","isPartOf":{"@id":"https:\/\/jungoconnect.com\/#website"},"datePublished":"2022-09-20T19:07:39+00:00","dateModified":"2025-10-27T18:12:59+00:00","description":"Cont\u00e1ctenos a trav\u00e9s de chat, e-mail, v\u00eda telef\u00f3nica o por medio de este formulario, te brindaremos el apoyo que necesitas.","breadcrumb":{"@id":"https:\/\/jungoconnect.com\/contacto\/#breadcrumb"},"inLanguage":"en-US","potentialAction":[{"@type":"ReadAction","target":["https:\/\/jungoconnect.com\/contacto\/"]}]},{"@type":"BreadcrumbList","@id":"https:\/\/jungoconnect.com\/contacto\/#breadcrumb","itemListElement":[{"@type":"ListItem","position":1,"name":"Inicio","item":"https:\/\/jungoconnect.com\/"},{"@type":"ListItem","position":2,"name":"Contacto"}]},{"@type":"WebSite","@id":"https:\/\/jungoconnect.com\/#website","url":"https:\/\/jungoconnect.com\/","name":"Jungo Connect","description":"Controla, monitorea y automatiza","publisher":{"@id":"https:\/\/jungoconnect.com\/#organization"},"potentialAction":[{"@type":"SearchAction","target":{"@type":"EntryPoint","urlTemplate":"https:\/\/jungoconnect.com\/?s={search_term_string}"},"query-input":"required name=search_term_string"}],"inLanguage":"en-US"},{"@type":"Organization","@id":"https:\/\/jungoconnect.com\/#organization","name":"Jungo Connect","url":"https:\/\/jungoconnect.com\/","logo":{"@type":"ImageObject","inLanguage":"en-US","@id":"https:\/\/jungoconnect.com\/#\/schema\/logo\/image\/","url":"https:\/\/jungoconnect.com\/wp-content\/uploads\/2022\/09\/logo-jungo-connect.png","contentUrl":"https:\/\/jungoconnect.com\/wp-content\/uploads\/2022\/09\/logo-jungo-connect.png","width":465,"height":136,"caption":"Jungo Connect"},"image":{"@id":"https:\/\/jungoconnect.com\/#\/schema\/logo\/image\/"},"sameAs":["https:\/\/www.facebook.com\/jungoconnect","https:\/\/www.instagram.com\/jungoconnect","https:\/\/www.linkedin.com\/showcase\/jungoconnect\/"]}]}},"_links":{"self":[{"href":"https:\/\/jungoconnect.com\/en\/wp-json\/wp\/v2\/pages\/651","targetHints":{"allow":["GET"]}}],"collection":[{"href":"https:\/\/jungoconnect.com\/en\/wp-json\/wp\/v2\/pages"}],"about":[{"href":"https:\/\/jungoconnect.com\/en\/wp-json\/wp\/v2\/types\/page"}],"author":[{"embeddable":true,"href":"https:\/\/jungoconnect.com\/en\/wp-json\/wp\/v2\/users\/2"}],"replies":[{"embeddable":true,"href":"https:\/\/jungoconnect.com\/en\/wp-json\/wp\/v2\/comments?post=651"}],"version-history":[{"count":39,"href":"https:\/\/jungoconnect.com\/en\/wp-json\/wp\/v2\/pages\/651\/revisions"}],"predecessor-version":[{"id":1992,"href":"https:\/\/jungoconnect.com\/en\/wp-json\/wp\/v2\/pages\/651\/revisions\/1992"}],"wp:featuredmedia":[{"embeddable":true,"href":"https:\/\/jungoconnect.com\/en\/wp-json\/wp\/v2\/media\/23"}],"wp:attachment":[{"href":"https:\/\/jungoconnect.com\/en\/wp-json\/wp\/v2\/media?parent=651"}],"curies":[{"name":"wp","href":"https:\/\/api.w.org\/{rel}","templated":true}]}}