{"id":1206,"date":"2022-10-10T17:34:11","date_gmt":"2022-10-10T22:34:11","guid":{"rendered":"https:\/\/jungoconnect.com\/?post_type=product&#038;p=1206"},"modified":"2022-11-23T11:57:44","modified_gmt":"2022-11-23T17:57:44","slug":"alarm-camera","status":"publish","type":"product","link":"https:\/\/jungoconnect.com\/en\/product\/alarm-camera\/","title":{"rendered":"Alarm Camera"},"content":{"rendered":"","protected":false},"excerpt":{"rendered":"<p>you can scare away the suspicious stranger by using siren alarm and headlight. Smart motion detection app alerts with snapshot record in jungo connect app<\/p>","protected":false},"featured_media":1207,"template":"","meta":[],"product_cat":[18],"product_tag":[],"class_list":["post-1206","product","type-product","status-publish","has-post-thumbnail","hentry","product_cat-seguridad"],"yoast_head":"<!-- This site is optimized with the Yoast SEO plugin v20.8 - https:\/\/yoast.com\/wordpress\/plugins\/seo\/ -->\n<title>Alarm Camera - Jungo Connect<\/title>\n<meta name=\"description\" content=\"C\u00e1mara de seguridad Smart con alarma de sirena y el faro. Controla y monitorea la seguridad desde tu Smartphone a trav\u00e9s de la app Jungo Connect.\" \/>\n<meta name=\"robots\" content=\"index, follow, max-snippet:-1, max-image-preview:large, max-video-preview:-1\" \/>\n<link rel=\"canonical\" href=\"https:\/\/jungoconnect.com\/en\/product\/alarm-camera\/\" \/>\n<meta property=\"og:locale\" content=\"en_US\" \/>\n<meta property=\"og:type\" content=\"article\" \/>\n<meta property=\"og:title\" content=\"C\u00e1mara de Seguridad Smart con Alarma\" \/>\n<meta property=\"og:description\" content=\"C\u00e1mara de seguridad Smart con alarma de sirena y el faro. Controla y monitorea la seguridad desde tu Smartphone a trav\u00e9s de la app Jungo Connect.\" \/>\n<meta property=\"og:url\" content=\"https:\/\/jungoconnect.com\/en\/product\/alarm-camera\/\" \/>\n<meta property=\"og:site_name\" content=\"Jungo Connect\" \/>\n<meta property=\"article:publisher\" content=\"https:\/\/www.facebook.com\/jungoconnect\" \/>\n<meta property=\"article:modified_time\" content=\"2022-11-23T17:57:44+00:00\" \/>\n<meta property=\"og:image\" content=\"https:\/\/jungoconnect.com\/wp-content\/uploads\/2022\/10\/A02MH2.jpg\" \/>\n\t<meta property=\"og:image:width\" content=\"1200\" \/>\n\t<meta property=\"og:image:height\" content=\"1200\" \/>\n\t<meta property=\"og:image:type\" content=\"image\/jpeg\" \/>\n<meta name=\"twitter:card\" content=\"summary_large_image\" \/>\n<meta name=\"twitter:title\" content=\"C\u00e1mara de Seguridad Smart con Alarma\" \/>\n<meta name=\"twitter:description\" content=\"C\u00e1mara de seguridad Smart con alarma de sirena y el faro. Controla y monitorea la seguridad desde tu Smartphone a trav\u00e9s de la app Jungo Connect.\" \/>\n<meta name=\"twitter:image\" content=\"https:\/\/jungoconnect.com\/wp-content\/uploads\/2022\/10\/A02MH2.jpg\" \/>\n<script type=\"application\/ld+json\" class=\"yoast-schema-graph\">{\"@context\":\"https:\/\/schema.org\",\"@graph\":[{\"@type\":\"WebPage\",\"@id\":\"https:\/\/jungoconnect.com\/producto\/alarm-camera\/\",\"url\":\"https:\/\/jungoconnect.com\/producto\/alarm-camera\/\",\"name\":\"Alarm Camera - Jungo Connect\",\"isPartOf\":{\"@id\":\"https:\/\/jungoconnect.com\/#website\"},\"datePublished\":\"2022-10-10T22:34:11+00:00\",\"dateModified\":\"2022-11-23T17:57:44+00:00\",\"description\":\"C\u00e1mara de seguridad Smart con alarma de sirena y el faro. Controla y monitorea la seguridad desde tu Smartphone a trav\u00e9s de la app Jungo Connect.\",\"breadcrumb\":{\"@id\":\"https:\/\/jungoconnect.com\/producto\/alarm-camera\/#breadcrumb\"},\"inLanguage\":\"en-US\",\"potentialAction\":[{\"@type\":\"ReadAction\",\"target\":[\"https:\/\/jungoconnect.com\/producto\/alarm-camera\/\"]}]},{\"@type\":\"BreadcrumbList\",\"@id\":\"https:\/\/jungoconnect.com\/producto\/alarm-camera\/#breadcrumb\",\"itemListElement\":[{\"@type\":\"ListItem\",\"position\":1,\"name\":\"Inicio\",\"item\":\"https:\/\/jungoconnect.com\/\"},{\"@type\":\"ListItem\",\"position\":2,\"name\":\"Tienda\",\"item\":\"https:\/\/jungoconnect.com\/tienda\/\"},{\"@type\":\"ListItem\",\"position\":3,\"name\":\"Alarm Camera\"}]},{\"@type\":\"WebSite\",\"@id\":\"https:\/\/jungoconnect.com\/#website\",\"url\":\"https:\/\/jungoconnect.com\/\",\"name\":\"Jungo Connect\",\"description\":\"Controla, monitorea y automatiza\",\"publisher\":{\"@id\":\"https:\/\/jungoconnect.com\/#organization\"},\"potentialAction\":[{\"@type\":\"SearchAction\",\"target\":{\"@type\":\"EntryPoint\",\"urlTemplate\":\"https:\/\/jungoconnect.com\/?s={search_term_string}\"},\"query-input\":\"required name=search_term_string\"}],\"inLanguage\":\"en-US\"},{\"@type\":\"Organization\",\"@id\":\"https:\/\/jungoconnect.com\/#organization\",\"name\":\"Jungo Connect\",\"url\":\"https:\/\/jungoconnect.com\/\",\"logo\":{\"@type\":\"ImageObject\",\"inLanguage\":\"en-US\",\"@id\":\"https:\/\/jungoconnect.com\/#\/schema\/logo\/image\/\",\"url\":\"https:\/\/jungoconnect.com\/wp-content\/uploads\/2022\/09\/logo-jungo-connect.png\",\"contentUrl\":\"https:\/\/jungoconnect.com\/wp-content\/uploads\/2022\/09\/logo-jungo-connect.png\",\"width\":465,\"height\":136,\"caption\":\"Jungo Connect\"},\"image\":{\"@id\":\"https:\/\/jungoconnect.com\/#\/schema\/logo\/image\/\"},\"sameAs\":[\"https:\/\/www.facebook.com\/jungoconnect\",\"https:\/\/www.instagram.com\/jungoconnect\",\"https:\/\/www.linkedin.com\/showcase\/jungoconnect\/\"]}]}<\/script>\n<!-- \/ Yoast SEO plugin. -->","yoast_head_json":{"title":"Alarm Camera - Jungo Connect","description":"C\u00e1mara de seguridad Smart con alarma de sirena y el faro. Controla y monitorea la seguridad desde tu Smartphone a trav\u00e9s de la app Jungo Connect.","robots":{"index":"index","follow":"follow","max-snippet":"max-snippet:-1","max-image-preview":"max-image-preview:large","max-video-preview":"max-video-preview:-1"},"canonical":"https:\/\/jungoconnect.com\/en\/product\/alarm-camera\/","og_locale":"en_US","og_type":"article","og_title":"C\u00e1mara de Seguridad Smart con Alarma","og_description":"C\u00e1mara de seguridad Smart con alarma de sirena y el faro. Controla y monitorea la seguridad desde tu Smartphone a trav\u00e9s de la app Jungo Connect.","og_url":"https:\/\/jungoconnect.com\/en\/product\/alarm-camera\/","og_site_name":"Jungo Connect","article_publisher":"https:\/\/www.facebook.com\/jungoconnect","article_modified_time":"2022-11-23T17:57:44+00:00","og_image":[{"width":1200,"height":1200,"url":"https:\/\/jungoconnect.com\/wp-content\/uploads\/2022\/10\/A02MH2.jpg","type":"image\/jpeg"}],"twitter_card":"summary_large_image","twitter_title":"C\u00e1mara de Seguridad Smart con Alarma","twitter_description":"C\u00e1mara de seguridad Smart con alarma de sirena y el faro. Controla y monitorea la seguridad desde tu Smartphone a trav\u00e9s de la app Jungo Connect.","twitter_image":"https:\/\/jungoconnect.com\/wp-content\/uploads\/2022\/10\/A02MH2.jpg","schema":{"@context":"https:\/\/schema.org","@graph":[{"@type":"WebPage","@id":"https:\/\/jungoconnect.com\/producto\/alarm-camera\/","url":"https:\/\/jungoconnect.com\/producto\/alarm-camera\/","name":"Alarm Camera - Jungo Connect","isPartOf":{"@id":"https:\/\/jungoconnect.com\/#website"},"datePublished":"2022-10-10T22:34:11+00:00","dateModified":"2022-11-23T17:57:44+00:00","description":"C\u00e1mara de seguridad Smart con alarma de sirena y el faro. Controla y monitorea la seguridad desde tu Smartphone a trav\u00e9s de la app Jungo Connect.","breadcrumb":{"@id":"https:\/\/jungoconnect.com\/producto\/alarm-camera\/#breadcrumb"},"inLanguage":"en-US","potentialAction":[{"@type":"ReadAction","target":["https:\/\/jungoconnect.com\/producto\/alarm-camera\/"]}]},{"@type":"BreadcrumbList","@id":"https:\/\/jungoconnect.com\/producto\/alarm-camera\/#breadcrumb","itemListElement":[{"@type":"ListItem","position":1,"name":"Inicio","item":"https:\/\/jungoconnect.com\/"},{"@type":"ListItem","position":2,"name":"Tienda","item":"https:\/\/jungoconnect.com\/tienda\/"},{"@type":"ListItem","position":3,"name":"Alarm Camera"}]},{"@type":"WebSite","@id":"https:\/\/jungoconnect.com\/#website","url":"https:\/\/jungoconnect.com\/","name":"Jungo Connect","description":"Controla, monitorea y automatiza","publisher":{"@id":"https:\/\/jungoconnect.com\/#organization"},"potentialAction":[{"@type":"SearchAction","target":{"@type":"EntryPoint","urlTemplate":"https:\/\/jungoconnect.com\/?s={search_term_string}"},"query-input":"required name=search_term_string"}],"inLanguage":"en-US"},{"@type":"Organization","@id":"https:\/\/jungoconnect.com\/#organization","name":"Jungo Connect","url":"https:\/\/jungoconnect.com\/","logo":{"@type":"ImageObject","inLanguage":"en-US","@id":"https:\/\/jungoconnect.com\/#\/schema\/logo\/image\/","url":"https:\/\/jungoconnect.com\/wp-content\/uploads\/2022\/09\/logo-jungo-connect.png","contentUrl":"https:\/\/jungoconnect.com\/wp-content\/uploads\/2022\/09\/logo-jungo-connect.png","width":465,"height":136,"caption":"Jungo Connect"},"image":{"@id":"https:\/\/jungoconnect.com\/#\/schema\/logo\/image\/"},"sameAs":["https:\/\/www.facebook.com\/jungoconnect","https:\/\/www.instagram.com\/jungoconnect","https:\/\/www.linkedin.com\/showcase\/jungoconnect\/"]}]}},"_links":{"self":[{"href":"https:\/\/jungoconnect.com\/en\/wp-json\/wp\/v2\/product\/1206","targetHints":{"allow":["GET"]}}],"collection":[{"href":"https:\/\/jungoconnect.com\/en\/wp-json\/wp\/v2\/product"}],"about":[{"href":"https:\/\/jungoconnect.com\/en\/wp-json\/wp\/v2\/types\/product"}],"wp:featuredmedia":[{"embeddable":true,"href":"https:\/\/jungoconnect.com\/en\/wp-json\/wp\/v2\/media\/1207"}],"wp:attachment":[{"href":"https:\/\/jungoconnect.com\/en\/wp-json\/wp\/v2\/media?parent=1206"}],"wp:term":[{"taxonomy":"product_cat","embeddable":true,"href":"https:\/\/jungoconnect.com\/en\/wp-json\/wp\/v2\/product_cat?post=1206"},{"taxonomy":"product_tag","embeddable":true,"href":"https:\/\/jungoconnect.com\/en\/wp-json\/wp\/v2\/product_tag?post=1206"}],"curies":[{"name":"wp","href":"https:\/\/api.w.org\/{rel}","templated":true}]}}